{"id":66,"date":"2025-08-07T10:18:31","date_gmt":"2025-08-07T08:18:31","guid":{"rendered":"https:\/\/demo-serene-studio.special-connection-studio.de\/?page_id=66"},"modified":"2025-08-07T10:20:23","modified_gmt":"2025-08-07T08:20:23","slug":"kontakt","status":"publish","type":"page","link":"https:\/\/demo-serene-studio.special-connection-studio.de\/?page_id=66","title":{"rendered":"Kontakt"},"content":{"rendered":"\n<h2 class=\"wp-block-heading\">Design mit Herz und Strategie<\/h2>\n\n\n\n<p>Gro\u00dfartiges Design ist mehr als einfach nur sch\u00f6n: Es verbindet Menschen mit Marken, weckt Vertrauen und erz\u00e4hlt Geschichten.<\/p>\n\n\n\n<p>Mit einem klaren Blick f\u00fcr \u00c4sthetik, einem strategischen Ansatz und viel Liebe zum Detail entwickle ich digitale Markenauftritte, die nicht nur wirken, sondern ber\u00fchren.<\/p>\n\n\n\n<p>Ob Webdesign, Branding oder Social Media \u2013 jedes Projekt entsteht individuell, ma\u00dfgeschneidert und mit dem Anspruch, deine Einzigartigkeit sichtbar zu machen.<\/p>\n\n\n\n<div class=\"wp-block-uagb-forms uagb-forms__outer-wrap uagb-block-1d595a49 uagb-forms__medium-btn\"><form class=\"uagb-forms-main-form\" method=\"post\" autocomplete=\"on\" name=\"uagb-form-1d595a49\">\n<div class=\"wp-block-uagb-forms-name uagb-forms-name-wrap uagb-forms-field-set uagb-block-021122dc\"><div class=\"uagb-forms-name-label required uagb-forms-input-label\" id=\"021122dc\">First Name<\/div><input type=\"text\" placeholder=\"John\" required class=\"uagb-forms-name-input uagb-forms-input\" name=\"021122dc\" autocomplete=\"given-name\"\/><\/div>\n\n\n\n<div class=\"wp-block-uagb-forms-name uagb-forms-name-wrap uagb-forms-field-set uagb-block-70153246\"><div class=\"uagb-forms-name-label required uagb-forms-input-label\" id=\"70153246\">Last Name<\/div><input type=\"text\" placeholder=\"Doe\" required class=\"uagb-forms-name-input uagb-forms-input\" name=\"70153246\" autocomplete=\"family-name\"\/><\/div>\n\n\n\n<div class=\"wp-block-uagb-forms-email uagb-forms-email-wrap uagb-forms-field-set uagb-block-a263fbca\"><div class=\"uagb-forms-email-label  uagb-forms-input-label\" id=\"a263fbca\">Email<\/div><input type=\"email\" class=\"uagb-forms-email-input uagb-forms-input\" placeholder=\"example@mail.com\" name=\"a263fbca\" autocomplete=\"email\"\/><\/div>\n\n\n\n<div class=\"wp-block-uagb-forms-textarea uagb-forms-textarea-wrap uagb-forms-field-set uagb-block-0202c4c2\"><div class=\"uagb-forms-textarea-label required uagb-forms-input-label\" id=\"0202c4c2\">Message<\/div><textarea required class=\"uagb-forms-textarea-input uagb-forms-input\" rows=\"4\" placeholder=\"Enter your message\" name=\"0202c4c2\" autocomplete=\"off\"><\/textarea><\/div>\n<div class=\"uagb-forms-form-hidden-data\"><input type=\"hidden\" class=\"uagb_forms_form_label\" value=\"Spectra Form\"\/><input type=\"hidden\" class=\"uagb_forms_form_id\" value=\"uagb-form-1d595a49\"\/><\/div><div class=\"uagb-form-reacaptcha-error-1d595a49\"><\/div><div class=\"uagb-forms-main-submit-button-wrap wp-block-button\"><button class=\"uagb-forms-main-submit-button wp-block-button__link\"><div class=\"uagb-forms-main-submit-button-text\">Submit<\/div><\/button><\/div><\/form><div class=\"uagb-forms-success-message-1d595a49 uagb-forms-submit-message-hide\"><span>The form has been submitted successfully!<\/span><\/div><div class=\"uagb-forms-failed-message-1d595a49 uagb-forms-submit-message-hide\"><span>There has been some error while submitting the form. Please verify all form fields again.<\/span><\/div><\/div>\n","protected":false},"excerpt":{"rendered":"<p>Design mit Herz und Strategie Gro\u00dfartiges Design ist mehr als einfach nur sch\u00f6n: Es verbindet [&hellip;]<\/p>\n","protected":false},"author":1,"featured_media":0,"parent":0,"menu_order":0,"comment_status":"closed","ping_status":"closed","template":"page-fullwidth.php","meta":{"_uag_custom_page_level_css":"","footnotes":""},"class_list":["post-66","page","type-page","status-publish","hentry"],"uagb_featured_image_src":{"full":false,"thumbnail":false,"medium":false,"medium_large":false,"large":false,"1536x1536":false,"2048x2048":false,"custom-thumbnails":false,"custom-post-header":false,"custom-hero":false,"custom-portfolio-header":false},"uagb_author_info":{"display_name":"Sarah","author_link":"https:\/\/demo-serene-studio.special-connection-studio.de\/?author=1"},"uagb_comment_info":0,"uagb_excerpt":"Design mit Herz und Strategie Gro\u00dfartiges Design ist mehr als einfach nur sch\u00f6n: Es verbindet [&hellip;]","_links":{"self":[{"href":"https:\/\/demo-serene-studio.special-connection-studio.de\/index.php?rest_route=\/wp\/v2\/pages\/66","targetHints":{"allow":["GET"]}}],"collection":[{"href":"https:\/\/demo-serene-studio.special-connection-studio.de\/index.php?rest_route=\/wp\/v2\/pages"}],"about":[{"href":"https:\/\/demo-serene-studio.special-connection-studio.de\/index.php?rest_route=\/wp\/v2\/types\/page"}],"author":[{"embeddable":true,"href":"https:\/\/demo-serene-studio.special-connection-studio.de\/index.php?rest_route=\/wp\/v2\/users\/1"}],"replies":[{"embeddable":true,"href":"https:\/\/demo-serene-studio.special-connection-studio.de\/index.php?rest_route=%2Fwp%2Fv2%2Fcomments&post=66"}],"version-history":[{"count":3,"href":"https:\/\/demo-serene-studio.special-connection-studio.de\/index.php?rest_route=\/wp\/v2\/pages\/66\/revisions"}],"predecessor-version":[{"id":71,"href":"https:\/\/demo-serene-studio.special-connection-studio.de\/index.php?rest_route=\/wp\/v2\/pages\/66\/revisions\/71"}],"wp:attachment":[{"href":"https:\/\/demo-serene-studio.special-connection-studio.de\/index.php?rest_route=%2Fwp%2Fv2%2Fmedia&parent=66"}],"curies":[{"name":"wp","href":"https:\/\/api.w.org\/{rel}","templated":true}]}}