{"id":8,"date":"2025-07-28T13:07:21","date_gmt":"2025-07-28T11:07:21","guid":{"rendered":"https:\/\/demo-serene-studio.special-connection-studio.de\/?page_id=8"},"modified":"2025-08-13T13:55:25","modified_gmt":"2025-08-13T11:55:25","slug":"about-us","status":"publish","type":"page","link":"https:\/\/demo-serene-studio.special-connection-studio.de\/?page_id=8","title":{"rendered":"About us"},"content":{"rendered":"\n<h2 class=\"wp-block-heading\">Design mit Herz und Strategie<\/h2>\n\n\n\n<p>Gro\u00dfartiges Design ist mehr als einfach nur sch\u00f6n: Es verbindet Menschen mit Marken, weckt Vertrauen und erz\u00e4hlt Geschichten.<\/p>\n\n\n\n<p>Mit einem klaren Blick f\u00fcr \u00c4sthetik, einem strategischen Ansatz und viel Liebe zum Detail entwickle ich digitale Markenauftritte, die nicht nur wirken, sondern ber\u00fchren.<\/p>\n\n\n\n<p>Ob Webdesign, Branding oder Social Media \u2013 jedes Projekt entsteht individuell, ma\u00dfgeschneidert und mit dem Anspruch, deine Einzigartigkeit sichtbar zu machen<\/p>\n","protected":false},"excerpt":{"rendered":"<p>Design mit Herz und Strategie Gro\u00dfartiges Design ist mehr als einfach nur sch\u00f6n: Es verbindet [&hellip;]<\/p>\n","protected":false},"author":1,"featured_media":45,"parent":0,"menu_order":0,"comment_status":"closed","ping_status":"closed","template":"page-fullwidth.php","meta":{"_uag_custom_page_level_css":"","footnotes":""},"class_list":["post-8","page","type-page","status-publish","has-post-thumbnail","hentry"],"uagb_featured_image_src":{"full":["https:\/\/demo-serene-studio.special-connection-studio.de\/wp-content\/uploads\/2025\/07\/Theme-Website-neu.zip-15.png",1366,1721,false],"thumbnail":["https:\/\/demo-serene-studio.special-connection-studio.de\/wp-content\/uploads\/2025\/07\/Theme-Website-neu.zip-15-150x150.png",150,150,true],"medium":["https:\/\/demo-serene-studio.special-connection-studio.de\/wp-content\/uploads\/2025\/07\/Theme-Website-neu.zip-15-238x300.png",238,300,true],"medium_large":["https:\/\/demo-serene-studio.special-connection-studio.de\/wp-content\/uploads\/2025\/07\/Theme-Website-neu.zip-15-768x968.png",768,968,true],"large":["https:\/\/demo-serene-studio.special-connection-studio.de\/wp-content\/uploads\/2025\/07\/Theme-Website-neu.zip-15-813x1024.png",813,1024,true],"1536x1536":["https:\/\/demo-serene-studio.special-connection-studio.de\/wp-content\/uploads\/2025\/07\/Theme-Website-neu.zip-15-1219x1536.png",1219,1536,true],"2048x2048":["https:\/\/demo-serene-studio.special-connection-studio.de\/wp-content\/uploads\/2025\/07\/Theme-Website-neu.zip-15.png",1366,1721,false],"custom-thumbnails":["https:\/\/demo-serene-studio.special-connection-studio.de\/wp-content\/uploads\/2025\/07\/Theme-Website-neu.zip-15-360x280.png",360,280,true],"custom-post-header":["https:\/\/demo-serene-studio.special-connection-studio.de\/wp-content\/uploads\/2025\/07\/Theme-Website-neu.zip-15-1030x400.png",1030,400,true],"custom-hero":["https:\/\/demo-serene-studio.special-connection-studio.de\/wp-content\/uploads\/2025\/07\/Theme-Website-neu.zip-15-1030x200.png",1030,200,true],"custom-portfolio-header":["https:\/\/demo-serene-studio.special-connection-studio.de\/wp-content\/uploads\/2025\/07\/Theme-Website-neu.zip-15-500x500.png",500,500,true]},"uagb_author_info":{"display_name":"Sarah","author_link":"https:\/\/demo-serene-studio.special-connection-studio.de\/?author=1"},"uagb_comment_info":0,"uagb_excerpt":"Design mit Herz und Strategie Gro\u00dfartiges Design ist mehr als einfach nur sch\u00f6n: Es verbindet [&hellip;]","_links":{"self":[{"href":"https:\/\/demo-serene-studio.special-connection-studio.de\/index.php?rest_route=\/wp\/v2\/pages\/8","targetHints":{"allow":["GET"]}}],"collection":[{"href":"https:\/\/demo-serene-studio.special-connection-studio.de\/index.php?rest_route=\/wp\/v2\/pages"}],"about":[{"href":"https:\/\/demo-serene-studio.special-connection-studio.de\/index.php?rest_route=\/wp\/v2\/types\/page"}],"author":[{"embeddable":true,"href":"https:\/\/demo-serene-studio.special-connection-studio.de\/index.php?rest_route=\/wp\/v2\/users\/1"}],"replies":[{"embeddable":true,"href":"https:\/\/demo-serene-studio.special-connection-studio.de\/index.php?rest_route=%2Fwp%2Fv2%2Fcomments&post=8"}],"version-history":[{"count":2,"href":"https:\/\/demo-serene-studio.special-connection-studio.de\/index.php?rest_route=\/wp\/v2\/pages\/8\/revisions"}],"predecessor-version":[{"id":29,"href":"https:\/\/demo-serene-studio.special-connection-studio.de\/index.php?rest_route=\/wp\/v2\/pages\/8\/revisions\/29"}],"wp:featuredmedia":[{"embeddable":true,"href":"https:\/\/demo-serene-studio.special-connection-studio.de\/index.php?rest_route=\/wp\/v2\/media\/45"}],"wp:attachment":[{"href":"https:\/\/demo-serene-studio.special-connection-studio.de\/index.php?rest_route=%2Fwp%2Fv2%2Fmedia&parent=8"}],"curies":[{"name":"wp","href":"https:\/\/api.w.org\/{rel}","templated":true}]}}